{"id":53,"date":"2025-04-10T09:28:20","date_gmt":"2025-04-10T09:28:20","guid":{"rendered":"https:\/\/jupiters.ch\/?page_id=53"},"modified":"2025-05-09T09:50:48","modified_gmt":"2025-05-09T09:50:48","slug":"bio","status":"publish","type":"page","link":"https:\/\/jupiters.ch\/?page_id=53","title":{"rendered":"Bio"},"content":{"rendered":"\n<div class=\"wp-block-cover alignfull has-custom-content-position is-position-bottom-left\" style=\"margin-top:0;margin-bottom:0;padding-top:var(--wp--preset--spacing--50);padding-right:var(--wp--preset--spacing--50);padding-bottom:var(--wp--preset--spacing--50);padding-left:var(--wp--preset--spacing--50);min-height:1112px;aspect-ratio:unset;\"><img loading=\"lazy\" decoding=\"async\" width=\"1024\" height=\"1024\" class=\"wp-block-cover__image-background wp-image-259 size-full\" alt=\"\" src=\"https:\/\/jupiters.ch\/wp-content\/uploads\/2025\/05\/Lochli_Moebius.png\" data-object-fit=\"cover\" srcset=\"https:\/\/jupiters.ch\/wp-content\/uploads\/2025\/05\/Lochli_Moebius.png 1024w, https:\/\/jupiters.ch\/wp-content\/uploads\/2025\/05\/Lochli_Moebius-300x300.png 300w, https:\/\/jupiters.ch\/wp-content\/uploads\/2025\/05\/Lochli_Moebius-150x150.png 150w, https:\/\/jupiters.ch\/wp-content\/uploads\/2025\/05\/Lochli_Moebius-768x768.png 768w\" sizes=\"auto, (max-width: 1024px) 100vw, 1024px\" \/><span aria-hidden=\"true\" class=\"wp-block-cover__background has-background-dim-10 has-background-dim\"><\/span><div class=\"wp-block-cover__inner-container has-global-padding is-layout-constrained wp-container-core-cover-is-layout-d89aad35 wp-block-cover-is-layout-constrained\">\n<div class=\"wp-block-group alignwide has-global-padding is-content-justification-left is-layout-constrained wp-container-core-group-is-layout-12dd3699 wp-block-group-is-layout-constrained\">\n<h2 class=\"wp-block-heading has-text-align-left has-xx-large-font-size\">Qualit\u00e4t und Herkunft, die man schmeckt<\/h2>\n\n\n\n<p>Jeder L\u00f6ffel Honig erz\u00e4hlt von den bl\u00fchenden Wiesen der Surselva und der reinen Bergluft der B\u00fcndner Alpen. Mein Ziel ist es, Ihnen mit jedem Glas ein St\u00fcck dieser Natur nach Hause zu bringen. Dank der strengen Bio-Knospe-Zertifizierung k\u00f6nnen Sie sich auf eine nachhaltige, \u00f6kologische Produktion verlassen.<\/p>\n<\/div>\n<\/div><\/div>\n\n\n\n<div class=\"wp-block-group alignfull is-style-section-1 has-global-padding is-layout-constrained wp-block-group-is-layout-constrained is-style-section-1--1\" style=\"margin-top:0;margin-bottom:0;padding-top:var(--wp--preset--spacing--50);padding-bottom:var(--wp--preset--spacing--50)\">\n<div class=\"wp-block-columns alignwide is-layout-flex wp-container-core-columns-is-layout-7ee84d44 wp-block-columns-is-layout-flex\">\n<div class=\"wp-block-column is-vertically-aligned-center is-layout-flow wp-block-column-is-layout-flow\" style=\"flex-basis:50%\">\n<h2 class=\"wp-block-heading\">\u00dcber mich und meine Arbeitsweise<\/h2>\n\n\n\n<p>Ich arbeite nach den Anforderungen des Bio-Knospe-Labels. Was bedeutet das konkret?<\/p>\n\n\n\n<ul class=\"wp-block-list\">\n<li><strong>Nat\u00fcrliche und vielf\u00e4ltige Bienenweide<\/strong><br>Im Umkreis von 3 Kilometern um jeden Bienenstock bestehen mindestens 50 % der Fl\u00e4chen aus Bio-, \u00d6LN-zertifiziertem Land oder Wildpflanzen (Wald). Dort finden die Bienen gen\u00fcgend Nektar, Honigtau und Pollen sowie ausreichend sauberes Wasser. In Obersaxen haben wir das Gl\u00fcck eine ausgepr\u00e4gte Weidewirtschaft vorzufinden, wo nur wenig Gift auf die Felder kommen. <\/li>\n\n\n\n<li><strong>Bienen leben in Holzbeuten<\/strong><br>Ich verwende ausschliesslich Holzbeuten f\u00fcr die Unterbringung meiner Bienen. <\/li>\n\n\n\n<li><strong>Verwendung biologischer Futtermittel<\/strong><br>Ich verwende beim Auff\u00fcttern biologischen Zucker, Zuckersirup oder Futterteig, die ich bei ausgew\u00e4hlten Verkaufsstellen \u2013 beispielsweise der Firma Hostettler Spezialzucker AG \u2013 beziehe. So stelle ich sicher, dass meine Bienen stets hochwertiges, r\u00fcckstandfreies Futter erhalten.<\/li>\n\n\n\n<li>Kein Fl\u00fcgelschnitt der K\u00f6nigin oder K\u00fcnstliche Besamungen. <\/li>\n<\/ul>\n<\/div>\n\n\n\n<div class=\"wp-block-column is-vertically-aligned-center is-layout-flow wp-block-column-is-layout-flow\" style=\"flex-basis:50%\">\n<figure class=\"wp-block-image aligncenter size-full\"><img loading=\"lazy\" decoding=\"async\" width=\"1024\" height=\"1024\" src=\"https:\/\/jupiters.ch\/wp-content\/uploads\/2025\/05\/Bouquet_ok.png\" alt=\"\" class=\"wp-image-328\" style=\"aspect-ratio:1;object-fit:contain\" srcset=\"https:\/\/jupiters.ch\/wp-content\/uploads\/2025\/05\/Bouquet_ok.png 1024w, https:\/\/jupiters.ch\/wp-content\/uploads\/2025\/05\/Bouquet_ok-300x300.png 300w, https:\/\/jupiters.ch\/wp-content\/uploads\/2025\/05\/Bouquet_ok-150x150.png 150w, https:\/\/jupiters.ch\/wp-content\/uploads\/2025\/05\/Bouquet_ok-768x768.png 768w\" sizes=\"auto, (max-width: 1024px) 100vw, 1024px\" \/><\/figure>\n<\/div>\n<\/div>\n<\/div>\n\n\n\n<div class=\"wp-block-group alignfull has-global-padding is-layout-constrained wp-block-group-is-layout-constrained\" style=\"margin-top:0;margin-bottom:0\">\n<div class=\"wp-block-group alignwide is-style-section-5 is-layout-grid wp-container-core-group-is-layout-e543e129 wp-block-group-is-layout-grid is-style-section-5--2\" style=\"padding-top:0;padding-bottom:0\">\n<figure class=\"wp-block-image size-full wp-container-content-c1c21029\"><img loading=\"lazy\" decoding=\"async\" width=\"1024\" height=\"1024\" src=\"https:\/\/jupiters.ch\/wp-content\/uploads\/2025\/05\/Reiter_Buch.png\" alt=\"\" class=\"wp-image-327\" style=\"object-fit:cover\" srcset=\"https:\/\/jupiters.ch\/wp-content\/uploads\/2025\/05\/Reiter_Buch.png 1024w, https:\/\/jupiters.ch\/wp-content\/uploads\/2025\/05\/Reiter_Buch-300x300.png 300w, https:\/\/jupiters.ch\/wp-content\/uploads\/2025\/05\/Reiter_Buch-150x150.png 150w, https:\/\/jupiters.ch\/wp-content\/uploads\/2025\/05\/Reiter_Buch-768x768.png 768w\" sizes=\"auto, (max-width: 1024px) 100vw, 1024px\" \/><\/figure>\n\n\n\n<div class=\"wp-block-group wp-container-content-c1c21029 is-horizontal is-content-justification-right is-nowrap is-layout-flex wp-container-core-group-is-layout-97f87fcb wp-block-group-is-layout-flex\">\n<div class=\"wp-block-group is-vertical is-content-justification-right is-layout-flex wp-container-core-group-is-layout-c0d519fa wp-block-group-is-layout-flex\">\n<p><\/p>\n\n\n\n<p><\/p>\n\n\n\n<p><\/p>\n\n\n\n<p class=\"is-style-text-subtitle is-style-text-subtitle--3\">All diese Ma\u00dfnahmen sorgen daf\u00fcr, dass Sie erstklassige Bienenprodukte aus nachhaltiger Produktion erhalten.<\/p>\n\n\n\n<p>Der Unterschied liegt bei einem Bio-Imker also vor allem in den Details der Betriebsweise und dem Auff\u00fcttern durch Bio-Zucker(sirup). Dieser kommt meist aus der EU und wird durch die Verarbeitung biologischer Zuckerr\u00fcben hergestellt. Zuckerr\u00fcben sind im Anbau sehr Gift intensiv und somit ist dies ein Hauptargument den viel h\u00f6heren Bio-Zuckerpreis zu zahlen und mich dem Knospen Label zu verpflichten. <\/p>\n<\/div>\n<\/div>\n<\/div>\n<\/div>\n\n\n\n<div class=\"wp-block-group alignfull has-global-padding is-layout-constrained wp-container-core-group-is-layout-08655630 wp-block-group-is-layout-constrained\" style=\"margin-top:0;margin-bottom:0;padding-top:var(--wp--preset--spacing--80);padding-bottom:var(--wp--preset--spacing--80)\">\n<div class=\"wp-block-group alignwide is-layout-flow wp-block-group-is-layout-flow\">\n<p class=\"has-text-align-center is-style-text-display is-style-text-display--4\" style=\"font-style:normal;font-weight:400\">Fragen?<\/p>\n\n\n\n<p class=\"has-text-align-center\">Meld dich hier: honig@jupiters.ch<\/p>\n\n\n\n<div style=\"height:var(--wp--preset--spacing--40)\" aria-hidden=\"true\" class=\"wp-block-spacer\"><\/div>\n\n\n\n<ul class=\"wp-block-social-links has-icon-color is-style-logos-only is-content-justification-center is-layout-flex wp-container-core-social-links-is-layout-a89b3969 wp-block-social-links-is-layout-flex\">\n\n\n\n\n\n\n\n<\/ul>\n<\/div>\n<\/div>\n","protected":false},"excerpt":{"rendered":"<p>\u00dcber mich und meine Arbeitsweise Ich arbeite nach den Anforderungen des Bio-Knospe-Labels. Was bedeutet das konkret? All diese Ma\u00dfnahmen sorgen daf\u00fcr, dass Sie erstklassige Bienenprodukte aus nachhaltiger Produktion erhalten. Der Unterschied liegt bei einem Bio-Imker also vor allem in den Details der Betriebsweise und dem Auff\u00fcttern durch Bio-Zucker(sirup). Dieser kommt meist aus der EU und [&hellip;]<\/p>\n","protected":false},"author":1,"featured_media":0,"parent":0,"menu_order":0,"comment_status":"closed","ping_status":"closed","template":"","meta":{"footnotes":""},"class_list":["post-53","page","type-page","status-publish","hentry"],"_links":{"self":[{"href":"https:\/\/jupiters.ch\/index.php?rest_route=\/wp\/v2\/pages\/53","targetHints":{"allow":["GET"]}}],"collection":[{"href":"https:\/\/jupiters.ch\/index.php?rest_route=\/wp\/v2\/pages"}],"about":[{"href":"https:\/\/jupiters.ch\/index.php?rest_route=\/wp\/v2\/types\/page"}],"author":[{"embeddable":true,"href":"https:\/\/jupiters.ch\/index.php?rest_route=\/wp\/v2\/users\/1"}],"replies":[{"embeddable":true,"href":"https:\/\/jupiters.ch\/index.php?rest_route=%2Fwp%2Fv2%2Fcomments&post=53"}],"version-history":[{"count":16,"href":"https:\/\/jupiters.ch\/index.php?rest_route=\/wp\/v2\/pages\/53\/revisions"}],"predecessor-version":[{"id":329,"href":"https:\/\/jupiters.ch\/index.php?rest_route=\/wp\/v2\/pages\/53\/revisions\/329"}],"wp:attachment":[{"href":"https:\/\/jupiters.ch\/index.php?rest_route=%2Fwp%2Fv2%2Fmedia&parent=53"}],"curies":[{"name":"wp","href":"https:\/\/api.w.org\/{rel}","templated":true}]}}