{"id":337,"date":"2025-05-15T07:02:55","date_gmt":"2025-05-15T07:02:55","guid":{"rendered":"https:\/\/jupiters.ch\/?page_id=337"},"modified":"2025-05-15T07:18:11","modified_gmt":"2025-05-15T07:18:11","slug":"propolis","status":"publish","type":"page","link":"https:\/\/jupiters.ch\/?page_id=337","title":{"rendered":"Propolis"},"content":{"rendered":"\n<div class=\"wp-block-group alignfull has-global-padding is-layout-constrained wp-block-group-is-layout-constrained\" style=\"margin-top:0;margin-bottom:0\">\n<div class=\"wp-block-columns alignfull is-layout-flex wp-container-core-columns-is-layout-9c22b1e3 wp-block-columns-is-layout-flex\">\n<div class=\"wp-block-column is-layout-flow wp-block-column-is-layout-flow\" style=\"flex-basis:55%\">\n<div style=\"aspect-ratio:1;min-height:unset;\" class=\"wp-block-cover has-aspect-ratio\"><img loading=\"lazy\" decoding=\"async\" width=\"683\" height=\"1024\" class=\"wp-block-cover__image-background wp-image-339 size-large\" alt=\"\" src=\"https:\/\/jupiters.ch\/wp-content\/uploads\/2025\/05\/propoli_baum-683x1024.png\" data-object-fit=\"cover\" srcset=\"https:\/\/jupiters.ch\/wp-content\/uploads\/2025\/05\/propoli_baum-683x1024.png 683w, https:\/\/jupiters.ch\/wp-content\/uploads\/2025\/05\/propoli_baum-200x300.png 200w, https:\/\/jupiters.ch\/wp-content\/uploads\/2025\/05\/propoli_baum-768x1152.png 768w, https:\/\/jupiters.ch\/wp-content\/uploads\/2025\/05\/propoli_baum.png 1024w\" sizes=\"auto, (max-width: 683px) 100vw, 683px\" \/><span aria-hidden=\"true\" class=\"wp-block-cover__background has-background-dim-0 has-background-dim\" style=\"background-color:#67542a\"><\/span><div class=\"wp-block-cover__inner-container has-global-padding is-layout-constrained wp-block-cover-is-layout-constrained\">\n<div style=\"height:var(--wp--preset--spacing--20)\" aria-hidden=\"true\" class=\"wp-block-spacer\"><\/div>\n<\/div><\/div>\n<\/div>\n\n\n\n<div class=\"wp-block-column is-vertically-aligned-center is-layout-flow wp-block-column-is-layout-flow\" style=\"padding-top:var(--wp--preset--spacing--60);padding-right:var(--wp--preset--spacing--60);padding-bottom:var(--wp--preset--spacing--60);padding-left:var(--wp--preset--spacing--60)\">\n<h2 class=\"wp-block-heading has-xx-large-font-size\">Heilendes Harz der Bienen<\/h2>\n\n\n\n<p>Propolis ist ein nat\u00fcrliches Schutzharz, das von Bienen aus Baumharzen, Wachs, Pollen und k\u00f6rpereigenen Enzymen hergestellt wird. Im Bienenstock dient es als nat\u00fcrliches Desinfektionsmittel: Die Bienen verwenden es, um Ritzen zu verschliessen, den Stock vor Keimen zu sch\u00fctzen und empfindliche Bereiche wie die Brutzellen zu \u00fcberziehen. Auch gr\u00f6ssere Eindringlinge, die nicht entfernt werden k\u00f6nnen, werden mit Propolis \u00fcberzogen und so vor dem Verfall konserviert.<\/p>\n\n\n\n<p class=\"has-medium-font-size\">F\u00fcr den Menschen ist Propolis vor allem wegen seiner antibakteriellen, antiviralen und pilzhemmenden Eigenschaften interessant. Es wird traditionell zur Pflege der Haut, bei kleinen Verletzungen, rissiger Haut oder Reizungen im Mund- und Rachenraum eingesetzt \u2013 meist in Form von Tinkturen, Salben oder Tropfen. Auch in Lippenpflege oder Naturkosmetik wird es gerne verarbeitet. Propolis enth\u00e4lt viele wertvolle Inhaltsstoffe wie Flavonoide, \u00e4therische \u00d6le, Vitamine und Spurenelemente. Da es sich um ein reines Naturprodukt handelt, k\u00f6nnen Farbe, Geruch und Konsistenz je nach Herkunft und Jahreszeit leicht variieren. Personen mit Allergien gegen Bienenprodukte sollten vor der Anwendung vorsichtig sein.<\/p>\n<\/div>\n<\/div>\n<\/div>\n\n\n\n<div style=\"height:51px\" aria-hidden=\"true\" class=\"wp-block-spacer\"><\/div>\n\n\n\n<div class=\"wp-block-group alignfull has-global-padding is-layout-constrained wp-block-group-is-layout-constrained\" style=\"margin-top:0;margin-bottom:0\">\n<p>Wir erstellen jedes Jahr eine kleine Menge an Propolis Tinktur. Im Moment sind wir aber ausverkauft. Gerne kannst du <a href=\"https:\/\/jupiters.ch\/?page_id=297\" data-type=\"page\" data-id=\"297\">hier <\/a>deine Tinktur vorbestellen. Weitere Produkte wie eine Salbe und eine Lippenpomade mit Propolis und Wachs aus der eigenen Imkerei sind in Arbeit. <\/p>\n<\/div>\n","protected":false},"excerpt":{"rendered":"<p>Heilendes Harz der Bienen Propolis ist ein nat\u00fcrliches Schutzharz, das von Bienen aus Baumharzen, Wachs, Pollen und k\u00f6rpereigenen Enzymen hergestellt wird. Im Bienenstock dient es als nat\u00fcrliches Desinfektionsmittel: Die Bienen verwenden es, um Ritzen zu verschliessen, den Stock vor Keimen zu sch\u00fctzen und empfindliche Bereiche wie die Brutzellen zu \u00fcberziehen. Auch gr\u00f6ssere Eindringlinge, die nicht [&hellip;]<\/p>\n","protected":false},"author":1,"featured_media":0,"parent":0,"menu_order":0,"comment_status":"closed","ping_status":"closed","template":"","meta":{"footnotes":""},"class_list":["post-337","page","type-page","status-publish","hentry"],"_links":{"self":[{"href":"https:\/\/jupiters.ch\/index.php?rest_route=\/wp\/v2\/pages\/337","targetHints":{"allow":["GET"]}}],"collection":[{"href":"https:\/\/jupiters.ch\/index.php?rest_route=\/wp\/v2\/pages"}],"about":[{"href":"https:\/\/jupiters.ch\/index.php?rest_route=\/wp\/v2\/types\/page"}],"author":[{"embeddable":true,"href":"https:\/\/jupiters.ch\/index.php?rest_route=\/wp\/v2\/users\/1"}],"replies":[{"embeddable":true,"href":"https:\/\/jupiters.ch\/index.php?rest_route=%2Fwp%2Fv2%2Fcomments&post=337"}],"version-history":[{"count":3,"href":"https:\/\/jupiters.ch\/index.php?rest_route=\/wp\/v2\/pages\/337\/revisions"}],"predecessor-version":[{"id":342,"href":"https:\/\/jupiters.ch\/index.php?rest_route=\/wp\/v2\/pages\/337\/revisions\/342"}],"wp:attachment":[{"href":"https:\/\/jupiters.ch\/index.php?rest_route=%2Fwp%2Fv2%2Fmedia&parent=337"}],"curies":[{"name":"wp","href":"https:\/\/api.w.org\/{rel}","templated":true}]}}