{"id":146,"date":"2025-05-07T16:23:16","date_gmt":"2025-05-07T16:23:16","guid":{"rendered":"https:\/\/jupiters.ch\/?page_id=146"},"modified":"2025-05-07T17:21:09","modified_gmt":"2025-05-07T17:21:09","slug":"wachs","status":"publish","type":"page","link":"https:\/\/jupiters.ch\/?page_id=146","title":{"rendered":"Wachs"},"content":{"rendered":"\n<div class=\"wp-block-group alignfull is-layout-flow wp-block-group-is-layout-flow\">\n<div class=\"wp-block-columns is-layout-flex wp-container-core-columns-is-layout-28f84493 wp-block-columns-is-layout-flex\">\n<div class=\"wp-block-column is-vertically-aligned-stretch is-layout-flow wp-block-column-is-layout-flow\" style=\"flex-basis:100%\">\n<div class=\"wp-block-columns is-layout-flex wp-container-core-columns-is-layout-28f84493 wp-block-columns-is-layout-flex\">\n<div class=\"wp-block-column is-layout-flow wp-block-column-is-layout-flow\" style=\"flex-basis:100%\">\n<div class=\"wp-block-columns is-layout-flex wp-container-core-columns-is-layout-28f84493 wp-block-columns-is-layout-flex\">\n<div class=\"wp-block-column is-layout-flow wp-block-column-is-layout-flow\" style=\"flex-basis:100%\">\n<aside class=\"wp-block-group alignfull is-style-section-5 has-global-padding is-layout-constrained wp-container-core-group-is-layout-81b95df9 wp-block-group-is-layout-constrained has-background is-style-section-5--1\" style=\"margin-top:0;margin-bottom:0;padding-top:var(--wp--preset--spacing--50);padding-right:0;padding-bottom:var(--wp--preset--spacing--50);padding-left:0;background-image:url(&apos;https:\/\/jupiters.ch\/wp-content\/uploads\/2025\/05\/Stilleben_Jupiters.png&apos;);background-position:57.99999999999999% 0%;background-size:cover;\">\n<div class=\"wp-block-group is-vertical is-content-justification-center is-layout-flex wp-container-core-group-is-layout-8778ca4a wp-block-group-is-layout-flex\" style=\"min-height:360px;margin-top:0;margin-bottom:0\">\n<h2 class=\"wp-block-heading has-text-align-center has-xx-large-font-size\">Reines Bienenwachs<\/h2>\n\n\n\n<div class=\"wp-block-buttons is-content-justification-center is-layout-flex wp-container-core-buttons-is-layout-a89b3969 wp-block-buttons-is-layout-flex\"><\/div>\n\n\n\n<p class=\"has-text-align-center is-style-text-subtitle is-style-text-subtitle--2\"><strong>Jeder L\u00f6ffel Honig erz\u00e4hlt von den bl\u00fchenden Wiesen der Surselva und der reinen Bergluft der B\u00fcndner Alpen. <\/strong><\/p>\n\n\n\n<p><\/p>\n\n\n\n<figure class=\"wp-block-image size-full is-resized\"><img loading=\"lazy\" decoding=\"async\" width=\"300\" height=\"242\" src=\"https:\/\/jupiters.ch\/wp-content\/uploads\/2025\/04\/bio_logo_weiss-1.png\" alt=\"\" class=\"wp-image-37\" style=\"width:67px;height:auto\"\/><\/figure>\n<\/div>\n<\/aside>\n\n\n\n<div class=\"wp-block-group alignfull is-style-default has-global-padding is-layout-constrained wp-block-group-is-layout-constrained\" style=\"margin-top:0;margin-bottom:0\">\n<div class=\"wp-block-columns alignfull is-layout-flex wp-container-core-columns-is-layout-9c22b1e3 wp-block-columns-is-layout-flex\">\n<div class=\"wp-block-column is-vertically-aligned-top is-style-section-1 is-layout-flow wp-block-column-is-layout-flow is-style-section-1--3\" style=\"padding-top:var(--wp--preset--spacing--60);padding-right:var(--wp--preset--spacing--60);padding-bottom:var(--wp--preset--spacing--60);padding-left:var(--wp--preset--spacing--60)\">\n<h2 class=\"wp-block-heading has-text-align-center has-xx-large-font-size\">Kerzen<\/h2>\n\n\n\n<div class=\"wp-block-group is-content-justification-center is-nowrap is-layout-flex wp-container-core-group-is-layout-23441af8 wp-block-group-is-layout-flex\">\n<p class=\"has-text-align-center has-contrast-color has-accent-5-background-color has-text-color has-background has-link-color wp-elements-0fea643949279e406aa001826afe8b45\">Unsere Kerzen sind im Moment ausverkauft. Wir nehmen aber gerne Vorbestellungen entgegen. Hier geht&#8217;s zu den verschiedenen Formen und Motiven<\/p>\n<\/div>\n\n\n\n<p><strong>Duftendes Licht der Gem\u00fctlichkeit.<\/strong><\/p>\n\n\n\n<figure class=\"wp-block-image size-full\"><img loading=\"lazy\" decoding=\"async\" width=\"1024\" height=\"1024\" src=\"https:\/\/jupiters.ch\/wp-content\/uploads\/2025\/05\/Stilleben5.png\" alt=\"\" class=\"wp-image-290\" srcset=\"https:\/\/jupiters.ch\/wp-content\/uploads\/2025\/05\/Stilleben5.png 1024w, https:\/\/jupiters.ch\/wp-content\/uploads\/2025\/05\/Stilleben5-300x300.png 300w, https:\/\/jupiters.ch\/wp-content\/uploads\/2025\/05\/Stilleben5-150x150.png 150w, https:\/\/jupiters.ch\/wp-content\/uploads\/2025\/05\/Stilleben5-768x768.png 768w\" sizes=\"auto, (max-width: 1024px) 100vw, 1024px\" \/><\/figure>\n<\/div>\n\n\n\n<div class=\"wp-block-column is-vertically-aligned-top is-style-default is-layout-flow wp-block-column-is-layout-flow\" style=\"padding-top:var(--wp--preset--spacing--60);padding-right:var(--wp--preset--spacing--60);padding-bottom:var(--wp--preset--spacing--60);padding-left:var(--wp--preset--spacing--60)\">\n<h2 class=\"wp-block-heading has-text-align-center has-xx-large-font-size\">Wachs im Block<\/h2>\n\n\n\n<p class=\"has-text-align-center is-style-default has-medium-font-size\">Das Bienenwachs stammt ausschliesslich aus der eigenen Imkerei. Nach schonender Reinigung und Entkeimung giessen wir es in handliche Bl\u00f6cke \u2013 ideal f\u00fcr selbstgemachte Lippenpflege, Cremes, Salben, Seifen etc.<\/p>\n\n\n\n<p class=\"has-text-align-center is-style-default has-medium-font-size\"><strong>Reines Wachs, vielseitig verwendbar.<\/strong><\/p>\n\n\n\n<figure class=\"wp-block-image size-full is-resized\"><img loading=\"lazy\" decoding=\"async\" width=\"1536\" height=\"1024\" src=\"https:\/\/jupiters.ch\/wp-content\/uploads\/2025\/05\/Wachsblock2.png\" alt=\"\" class=\"wp-image-322\" style=\"aspect-ratio:1;object-fit:cover;width:326px;height:auto\" srcset=\"https:\/\/jupiters.ch\/wp-content\/uploads\/2025\/05\/Wachsblock2.png 1536w, https:\/\/jupiters.ch\/wp-content\/uploads\/2025\/05\/Wachsblock2-300x200.png 300w, https:\/\/jupiters.ch\/wp-content\/uploads\/2025\/05\/Wachsblock2-1024x683.png 1024w, https:\/\/jupiters.ch\/wp-content\/uploads\/2025\/05\/Wachsblock2-768x512.png 768w\" sizes=\"auto, (max-width: 1536px) 100vw, 1536px\" \/><\/figure>\n<\/div>\n\n\n\n<div class=\"wp-block-column is-vertically-aligned-top is-style-section-1 is-layout-flow wp-block-column-is-layout-flow is-style-section-1--4\" style=\"padding-top:var(--wp--preset--spacing--60);padding-right:var(--wp--preset--spacing--60);padding-bottom:var(--wp--preset--spacing--60);padding-left:var(--wp--preset--spacing--60)\">\n<h2 class=\"wp-block-heading has-text-align-center has-xx-large-font-size\">Mittelw\u00e4nde<\/h2>\n\n\n\n<p class=\"has-text-align-center is-style-default has-medium-font-size\">Mittelw\u00e4nde lassen wir vom Imkerhof in Maienfeld herstellen. Auf Anfrage verkaufen wir Mittelw\u00e4nde f\u00fcr Dadant-Blatt Brut- oder Honigrahmen. <\/p>\n\n\n\n<p><\/p>\n\n\n\n<figure class=\"wp-block-image size-full is-resized\" style=\"margin-top:0;margin-bottom:0\"><img loading=\"lazy\" decoding=\"async\" width=\"1024\" height=\"1536\" src=\"https:\/\/jupiters.ch\/wp-content\/uploads\/2025\/05\/Propolis.png\" alt=\"\" class=\"wp-image-313\" style=\"aspect-ratio:1;object-fit:cover;width:343px;height:auto\" srcset=\"https:\/\/jupiters.ch\/wp-content\/uploads\/2025\/05\/Propolis.png 1024w, https:\/\/jupiters.ch\/wp-content\/uploads\/2025\/05\/Propolis-200x300.png 200w, https:\/\/jupiters.ch\/wp-content\/uploads\/2025\/05\/Propolis-683x1024.png 683w, https:\/\/jupiters.ch\/wp-content\/uploads\/2025\/05\/Propolis-768x1152.png 768w\" sizes=\"auto, (max-width: 1024px) 100vw, 1024px\" \/><\/figure>\n<\/div>\n<\/div>\n\n\n\n<p class=\"has-text-align-center is-style-default has-medium-font-size\"><\/p>\n\n\n\n<p><\/p>\n<\/div>\n\n\n\n<div class=\"wp-block-group alignfull is-style-default has-global-padding is-layout-constrained wp-block-group-is-layout-constrained\" style=\"margin-top:0;margin-bottom:0;padding-top:var(--wp--preset--spacing--50);padding-bottom:var(--wp--preset--spacing--50)\">\n<div class=\"wp-block-columns are-vertically-aligned-center is-layout-flex wp-container-core-columns-is-layout-fa584acd wp-block-columns-is-layout-flex\">\n<div class=\"wp-block-column is-vertically-aligned-center is-layout-flow wp-block-column-is-layout-flow\">\n<h2 class=\"wp-block-heading has-text-align-center is-style-default has-xx-large-font-size\"><strong>Jetzt deine Wachsprodukte bestellen. <\/strong><\/h2>\n\n\n\n<p class=\"has-text-align-center\"><\/p>\n\n\n\n<p class=\"has-text-align-center\"><\/p>\n<\/div>\n<\/div>\n<\/div>\n<\/div>\n<\/div>\n<\/div>\n<\/div>\n<\/div>\n<\/div>\n<\/div>\n","protected":false},"excerpt":{"rendered":"","protected":false},"author":1,"featured_media":0,"parent":0,"menu_order":0,"comment_status":"closed","ping_status":"closed","template":"","meta":{"footnotes":""},"class_list":["post-146","page","type-page","status-publish","hentry"],"_links":{"self":[{"href":"https:\/\/jupiters.ch\/index.php?rest_route=\/wp\/v2\/pages\/146","targetHints":{"allow":["GET"]}}],"collection":[{"href":"https:\/\/jupiters.ch\/index.php?rest_route=\/wp\/v2\/pages"}],"about":[{"href":"https:\/\/jupiters.ch\/index.php?rest_route=\/wp\/v2\/types\/page"}],"author":[{"embeddable":true,"href":"https:\/\/jupiters.ch\/index.php?rest_route=\/wp\/v2\/users\/1"}],"replies":[{"embeddable":true,"href":"https:\/\/jupiters.ch\/index.php?rest_route=%2Fwp%2Fv2%2Fcomments&post=146"}],"version-history":[{"count":6,"href":"https:\/\/jupiters.ch\/index.php?rest_route=\/wp\/v2\/pages\/146\/revisions"}],"predecessor-version":[{"id":170,"href":"https:\/\/jupiters.ch\/index.php?rest_route=\/wp\/v2\/pages\/146\/revisions\/170"}],"wp:attachment":[{"href":"https:\/\/jupiters.ch\/index.php?rest_route=%2Fwp%2Fv2%2Fmedia&parent=146"}],"curies":[{"name":"wp","href":"https:\/\/api.w.org\/{rel}","templated":true}]}}